{"id":3123,"date":"2025-07-09T12:21:55","date_gmt":"2025-07-09T10:21:55","guid":{"rendered":"https:\/\/katarek.nrtwdgbnzw.cfolks.pl\/?post_type=product&#038;p=3123"},"modified":"2026-05-01T01:27:57","modified_gmt":"2026-04-30T23:27:57","slug":"woreczek","status":"publish","type":"product","link":"https:\/\/katarek.pl\/produkt\/woreczek\/","title":{"rendered":"Woreczek do aspirator\u00f3w Katarek"},"content":{"rendered":"\n<p class=\" eplus-wrapper\">Woreczek przeznaczony jest do przechowywania aspirator\u00f3w Katarek.<\/p>\n\n\n\n<p class=\" eplus-wrapper\">Wykonany jest z przewiewnej tkaniny bawe\u0142nianej, kt\u00f3r\u0105 mo\u017cna pra\u0107 w pralce. Woreczek jest wygodnym sposobem przechowywania aspirator\u00f3w zar\u00f3wno w domu jak i podczas podr\u00f3\u017cy.<\/p>\n\n\n\n<p class=\" eplus-wrapper\"><br><strong>WSKAZANIA:<\/strong><\/p>\n\n\n\n<p class=\" eplus-wrapper\">Przechowywanie aspirator\u00f3w Katarek.<\/p>\n\n\n\n<p class=\" eplus-wrapper\"><\/p>\n\n\n\n<h6 class=\" wp-block-heading eplus-wrapper\"><strong>Zawarto\u015b\u0107 opakowania:<\/strong><\/h6>\n\n\n\n<p class=\" eplus-wrapper\">\u2013 Katarek bawe\u0142niany woreczek na aspirator Katarek Standard\/ Katarek Simple \/ Katarek Plus \/ Katarek Complete \/ Katarek Travel \/ Katarek Verical \u2013 1 szt.<\/p>\n\n\n\n<h2 class=\" wp-block-heading eplus-wrapper\">Rada!<\/h2>\n\n\n\n<p class=\" eplus-wrapper\">Wykorzystaj woreczek nie tylko do przechowywania akcesori\u00f3w do aspiratora, ale tak\u017ce innych produkt\u00f3w do piel\u0119gnacji dziecka.<\/p>\n\n\n\n<div class=\"wp-block-group eplus-wrapper is-nowrap is-layout-flex wp-container-core-group-is-layout-ad2f72ca wp-block-group-is-layout-flex\">\n\t\n\t\t\n\t\t\t\t\t\t\t\n\t<figure class=\"overflow-hidden \">\n\n\t\t\n\t\t\t\t\t\t\t\t\t\n\t\t\t<img decoding=\"async\" src=\"https:\/\/katarek.pl\/wp-content\/uploads\/2026\/03\/Bez-nazwy-600-x-300-px-1.png\" srcset=\"https:\/\/katarek.pl\/wp-content\/uploads\/2026\/03\/Bez-nazwy-600-x-300-px-1.png 600w, https:\/\/katarek.pl\/wp-content\/uploads\/2026\/03\/Bez-nazwy-600-x-300-px-1-450x225.png 450w, https:\/\/katarek.pl\/wp-content\/uploads\/2026\/03\/Bez-nazwy-600-x-300-px-1-500x250.png 500w\" sizes=\"(max-width: 600px) 100vw, 600px\" alt=\"Wpieramy 20 lat\" class=\"h-full w-full object-cover\" width=\"600\" height=\"300\" loading=\"lazy\"\/>\n\n\t\t\n\t<\/figure>\n\n\n\t\t\n\t\n\n\n\n\t\n\t\t\n\t\t\t\t\t\t\t\n\t<figure class=\"overflow-hidden \">\n\n\t\t\n\t\t\t\t\t\t\t\t\t\n\t\t\t<img decoding=\"async\" src=\"https:\/\/katarek.pl\/wp-content\/uploads\/2026\/03\/Bez-nazwy-600-x-300-px.png\" srcset=\"https:\/\/katarek.pl\/wp-content\/uploads\/2026\/03\/Bez-nazwy-600-x-300-px.png 600w, https:\/\/katarek.pl\/wp-content\/uploads\/2026\/03\/Bez-nazwy-600-x-300-px-450x225.png 450w, https:\/\/katarek.pl\/wp-content\/uploads\/2026\/03\/Bez-nazwy-600-x-300-px-500x250.png 500w\" sizes=\"(max-width: 600px) 100vw, 600px\" alt=\"Laur Konsumenta 2026\" class=\"h-full w-full object-cover\" width=\"600\" height=\"300\" loading=\"lazy\"\/>\n\n\t\t\n\t<\/figure>\n\n\n\t\t\n\t\n<\/div>\n\n\n\n<h3 class=\" wp-block-heading eplus-wrapper\"><strong><strong>KATAREK, wspieramy w zdrowiu i chorobie!<\/strong><\/strong><\/h3>\n","protected":false},"excerpt":{"rendered":"<p>higieniczne i wygodne przechowywania aspirator\u00f3w i akcesori\u00f3w<\/p>\n","protected":false},"featured_media":3363,"template":"","meta":{"_acf_changed":true,"inline_featured_image":false,"editor_plus_copied_stylings":"{}"},"product_brand":[35],"product_cat":[22],"product_tag":[],"class_list":{"0":"post-3123","1":"product","2":"type-product","3":"status-publish","4":"has-post-thumbnail","6":"product_brand-katarek","7":"product_cat-akcesoria","9":"first","10":"instock","11":"taxable","12":"shipping-taxable","13":"purchasable","14":"product-type-simple"},"yoast_head":"<!-- This site is optimized with the Yoast SEO plugin v27.4 - https:\/\/yoast.com\/product\/yoast-seo-wordpress\/ -->\n<title>Woreczek do aspirator\u00f3w Katarek - katarek.pl<\/title>\n<meta name=\"description\" content=\"Praktyczny woreczek do przechowywania aspiratora Katarek i akcesori\u00f3w. Idealny w domu i w podr\u00f3\u017cy. Kup teraz i miej wszystko pod r\u0119k\u0105!\" \/>\n<meta name=\"robots\" content=\"index, follow, max-snippet:-1, max-image-preview:large, max-video-preview:-1\" \/>\n<link rel=\"canonical\" href=\"https:\/\/katarek.pl\/produkt\/woreczek\/\" \/>\n<meta property=\"og:locale\" content=\"pl_PL\" \/>\n<meta property=\"og:type\" content=\"article\" \/>\n<meta property=\"og:title\" content=\"Woreczek do aspirator\u00f3w Katarek - katarek.pl\" \/>\n<meta property=\"og:description\" content=\"Praktyczny woreczek do przechowywania aspiratora Katarek i akcesori\u00f3w. Idealny w domu i w podr\u00f3\u017cy. Kup teraz i miej wszystko pod r\u0119k\u0105!\" \/>\n<meta property=\"og:url\" content=\"https:\/\/katarek.pl\/produkt\/woreczek\/\" \/>\n<meta property=\"og:site_name\" content=\"katarek.pl\" \/>\n<meta property=\"article:modified_time\" content=\"2026-04-30T23:27:57+00:00\" \/>\n<meta property=\"og:image\" content=\"https:\/\/katarek.pl\/wp-content\/uploads\/2025\/07\/Projekt-bez-nazwy-51.png\" \/>\n\t<meta property=\"og:image:width\" content=\"1000\" \/>\n\t<meta property=\"og:image:height\" content=\"1000\" \/>\n\t<meta property=\"og:image:type\" content=\"image\/png\" \/>\n<meta name=\"twitter:card\" content=\"summary_large_image\" \/>\n<meta name=\"twitter:label1\" content=\"Szacowany czas czytania\" \/>\n\t<meta name=\"twitter:data1\" content=\"1 minuta\" \/>\n<script type=\"application\/ld+json\" class=\"yoast-schema-graph\">{\"@context\":\"https:\\\/\\\/schema.org\",\"@graph\":[{\"@type\":\"WebPage\",\"@id\":\"https:\\\/\\\/katarek.pl\\\/produkt\\\/woreczek\\\/\",\"url\":\"https:\\\/\\\/katarek.pl\\\/produkt\\\/woreczek\\\/\",\"name\":\"Woreczek do aspirator\u00f3w Katarek - katarek.pl\",\"isPartOf\":{\"@id\":\"https:\\\/\\\/katarek.pl\\\/#website\"},\"primaryImageOfPage\":{\"@id\":\"https:\\\/\\\/katarek.pl\\\/produkt\\\/woreczek\\\/#primaryimage\"},\"image\":{\"@id\":\"https:\\\/\\\/katarek.pl\\\/produkt\\\/woreczek\\\/#primaryimage\"},\"thumbnailUrl\":\"https:\\\/\\\/katarek.pl\\\/wp-content\\\/uploads\\\/2025\\\/07\\\/Projekt-bez-nazwy-51.png\",\"datePublished\":\"2025-07-09T10:21:55+00:00\",\"dateModified\":\"2026-04-30T23:27:57+00:00\",\"description\":\"Praktyczny woreczek do przechowywania aspiratora Katarek i akcesori\u00f3w. Idealny w domu i w podr\u00f3\u017cy. Kup teraz i miej wszystko pod r\u0119k\u0105!\",\"breadcrumb\":{\"@id\":\"https:\\\/\\\/katarek.pl\\\/produkt\\\/woreczek\\\/#breadcrumb\"},\"inLanguage\":\"pl-PL\",\"potentialAction\":[{\"@type\":\"ReadAction\",\"target\":[\"https:\\\/\\\/katarek.pl\\\/produkt\\\/woreczek\\\/\"]}]},{\"@type\":\"ImageObject\",\"inLanguage\":\"pl-PL\",\"@id\":\"https:\\\/\\\/katarek.pl\\\/produkt\\\/woreczek\\\/#primaryimage\",\"url\":\"https:\\\/\\\/katarek.pl\\\/wp-content\\\/uploads\\\/2025\\\/07\\\/Projekt-bez-nazwy-51.png\",\"contentUrl\":\"https:\\\/\\\/katarek.pl\\\/wp-content\\\/uploads\\\/2025\\\/07\\\/Projekt-bez-nazwy-51.png\",\"width\":1000,\"height\":1000,\"caption\":\"Woreczek Katarek bawe\u0142niany na aspirator\"},{\"@type\":\"BreadcrumbList\",\"@id\":\"https:\\\/\\\/katarek.pl\\\/produkt\\\/woreczek\\\/#breadcrumb\",\"itemListElement\":[{\"@type\":\"ListItem\",\"position\":1,\"name\":\"Home\",\"item\":\"https:\\\/\\\/katarek.pl\\\/\"},{\"@type\":\"ListItem\",\"position\":2,\"name\":\"Sklep\",\"item\":\"https:\\\/\\\/katarek.pl\\\/sklep\\\/\"},{\"@type\":\"ListItem\",\"position\":3,\"name\":\"Akcesoria\",\"item\":\"https:\\\/\\\/katarek.pl\\\/kategoria-produktu\\\/akcesoria\\\/\"},{\"@type\":\"ListItem\",\"position\":4,\"name\":\"Woreczek do aspirator\u00f3w Katarek\"}]},{\"@type\":\"WebSite\",\"@id\":\"https:\\\/\\\/katarek.pl\\\/#website\",\"url\":\"https:\\\/\\\/katarek.pl\\\/\",\"name\":\"katarek.pl\",\"description\":\"\",\"potentialAction\":[{\"@type\":\"SearchAction\",\"target\":{\"@type\":\"EntryPoint\",\"urlTemplate\":\"https:\\\/\\\/katarek.pl\\\/?s={search_term_string}\"},\"query-input\":{\"@type\":\"PropertyValueSpecification\",\"valueRequired\":true,\"valueName\":\"search_term_string\"}}],\"inLanguage\":\"pl-PL\"}]}<\/script>\n<!-- \/ Yoast SEO plugin. -->","yoast_head_json":{"title":"Woreczek do aspirator\u00f3w Katarek - katarek.pl","description":"Praktyczny woreczek do przechowywania aspiratora Katarek i akcesori\u00f3w. Idealny w domu i w podr\u00f3\u017cy. Kup teraz i miej wszystko pod r\u0119k\u0105!","robots":{"index":"index","follow":"follow","max-snippet":"max-snippet:-1","max-image-preview":"max-image-preview:large","max-video-preview":"max-video-preview:-1"},"canonical":"https:\/\/katarek.pl\/produkt\/woreczek\/","og_locale":"pl_PL","og_type":"article","og_title":"Woreczek do aspirator\u00f3w Katarek - katarek.pl","og_description":"Praktyczny woreczek do przechowywania aspiratora Katarek i akcesori\u00f3w. Idealny w domu i w podr\u00f3\u017cy. Kup teraz i miej wszystko pod r\u0119k\u0105!","og_url":"https:\/\/katarek.pl\/produkt\/woreczek\/","og_site_name":"katarek.pl","article_modified_time":"2026-04-30T23:27:57+00:00","og_image":[{"width":1000,"height":1000,"url":"https:\/\/katarek.pl\/wp-content\/uploads\/2025\/07\/Projekt-bez-nazwy-51.png","type":"image\/png"}],"twitter_card":"summary_large_image","twitter_misc":{"Szacowany czas czytania":"1 minuta"},"schema":{"@context":"https:\/\/schema.org","@graph":[{"@type":"WebPage","@id":"https:\/\/katarek.pl\/produkt\/woreczek\/","url":"https:\/\/katarek.pl\/produkt\/woreczek\/","name":"Woreczek do aspirator\u00f3w Katarek - katarek.pl","isPartOf":{"@id":"https:\/\/katarek.pl\/#website"},"primaryImageOfPage":{"@id":"https:\/\/katarek.pl\/produkt\/woreczek\/#primaryimage"},"image":{"@id":"https:\/\/katarek.pl\/produkt\/woreczek\/#primaryimage"},"thumbnailUrl":"https:\/\/katarek.pl\/wp-content\/uploads\/2025\/07\/Projekt-bez-nazwy-51.png","datePublished":"2025-07-09T10:21:55+00:00","dateModified":"2026-04-30T23:27:57+00:00","description":"Praktyczny woreczek do przechowywania aspiratora Katarek i akcesori\u00f3w. Idealny w domu i w podr\u00f3\u017cy. Kup teraz i miej wszystko pod r\u0119k\u0105!","breadcrumb":{"@id":"https:\/\/katarek.pl\/produkt\/woreczek\/#breadcrumb"},"inLanguage":"pl-PL","potentialAction":[{"@type":"ReadAction","target":["https:\/\/katarek.pl\/produkt\/woreczek\/"]}]},{"@type":"ImageObject","inLanguage":"pl-PL","@id":"https:\/\/katarek.pl\/produkt\/woreczek\/#primaryimage","url":"https:\/\/katarek.pl\/wp-content\/uploads\/2025\/07\/Projekt-bez-nazwy-51.png","contentUrl":"https:\/\/katarek.pl\/wp-content\/uploads\/2025\/07\/Projekt-bez-nazwy-51.png","width":1000,"height":1000,"caption":"Woreczek Katarek bawe\u0142niany na aspirator"},{"@type":"BreadcrumbList","@id":"https:\/\/katarek.pl\/produkt\/woreczek\/#breadcrumb","itemListElement":[{"@type":"ListItem","position":1,"name":"Home","item":"https:\/\/katarek.pl\/"},{"@type":"ListItem","position":2,"name":"Sklep","item":"https:\/\/katarek.pl\/sklep\/"},{"@type":"ListItem","position":3,"name":"Akcesoria","item":"https:\/\/katarek.pl\/kategoria-produktu\/akcesoria\/"},{"@type":"ListItem","position":4,"name":"Woreczek do aspirator\u00f3w Katarek"}]},{"@type":"WebSite","@id":"https:\/\/katarek.pl\/#website","url":"https:\/\/katarek.pl\/","name":"katarek.pl","description":"","potentialAction":[{"@type":"SearchAction","target":{"@type":"EntryPoint","urlTemplate":"https:\/\/katarek.pl\/?s={search_term_string}"},"query-input":{"@type":"PropertyValueSpecification","valueRequired":true,"valueName":"search_term_string"}}],"inLanguage":"pl-PL"}]}},"acf":[],"gutenberg_blocks":[{"blockName":"custom-styles","attrs":{"styles":""}},{"blockName":"core\/paragraph","attrs":{"className":"","epAnimationGeneratedClass":"edplus_anim-quPuhq","epGeneratedClass":"eplus-wrapper"},"innerBlocks":[],"innerHTML":"\n<p class=\" eplus-wrapper\">Woreczek przeznaczony jest do przechowywania aspirator\u00f3w Katarek.<\/p>\n","innerContent":["\n<p class=\" eplus-wrapper\">Woreczek przeznaczony jest do przechowywania aspirator\u00f3w Katarek.<\/p>\n"]},{"blockName":"core\/paragraph","attrs":{"className":"","epAnimationGeneratedClass":"edplus_anim-TlLphr","epGeneratedClass":"eplus-wrapper"},"innerBlocks":[],"innerHTML":"\n<p class=\" eplus-wrapper\">Wykonany jest z przewiewnej tkaniny bawe\u0142nianej, kt\u00f3r\u0105 mo\u017cna pra\u0107 w pralce. Woreczek jest wygodnym sposobem przechowywania aspirator\u00f3w zar\u00f3wno w domu jak i podczas podr\u00f3\u017cy.<\/p>\n","innerContent":["\n<p class=\" eplus-wrapper\">Wykonany jest z przewiewnej tkaniny bawe\u0142nianej, kt\u00f3r\u0105 mo\u017cna pra\u0107 w pralce. Woreczek jest wygodnym sposobem przechowywania aspirator\u00f3w zar\u00f3wno w domu jak i podczas podr\u00f3\u017cy.<\/p>\n"]},{"blockName":"core\/paragraph","attrs":{"className":"","epAnimationGeneratedClass":"edplus_anim-uiwoTA","epGeneratedClass":"eplus-wrapper"},"innerBlocks":[],"innerHTML":"\n<p class=\" eplus-wrapper\"><br><strong>WSKAZANIA:<\/strong><\/p>\n","innerContent":["\n<p class=\" eplus-wrapper\"><br><strong>WSKAZANIA:<\/strong><\/p>\n"]},{"blockName":"core\/paragraph","attrs":{"className":"","epAnimationGeneratedClass":"edplus_anim-vyQ1sE","epGeneratedClass":"eplus-wrapper"},"innerBlocks":[],"innerHTML":"\n<p class=\" eplus-wrapper\">Przechowywanie aspirator\u00f3w Katarek.<\/p>\n","innerContent":["\n<p class=\" eplus-wrapper\">Przechowywanie aspirator\u00f3w Katarek.<\/p>\n"]},{"blockName":"core\/paragraph","attrs":{"className":"","epAnimationGeneratedClass":"edplus_anim-8Q3ckK","epGeneratedClass":"eplus-wrapper"},"innerBlocks":[],"innerHTML":"\n<p class=\" eplus-wrapper\"><\/p>\n","innerContent":["\n<p class=\" eplus-wrapper\"><\/p>\n"]},{"blockName":"core\/heading","attrs":{"level":6,"className":"","epAnimationGeneratedClass":"edplus_anim-wX3FO3","epGeneratedClass":"eplus-wrapper"},"innerBlocks":[],"innerHTML":"\n<h6 class=\" wp-block-heading eplus-wrapper\"><strong>Zawarto\u015b\u0107 opakowania:<\/strong><\/h6>\n","innerContent":["\n<h6 class=\" wp-block-heading eplus-wrapper\"><strong>Zawarto\u015b\u0107 opakowania:<\/strong><\/h6>\n"]},{"blockName":"core\/paragraph","attrs":{"className":"","epAnimationGeneratedClass":"edplus_anim-oKvEGZ","epGeneratedClass":"eplus-wrapper"},"innerBlocks":[],"innerHTML":"\n<p class=\" eplus-wrapper\">\u2013 Katarek bawe\u0142niany woreczek na aspirator Katarek Standard\/ Katarek Simple \/ Katarek Plus \/ Katarek Complete \/ Katarek Travel \/ Katarek Verical \u2013 1 szt.<\/p>\n","innerContent":["\n<p class=\" eplus-wrapper\">\u2013 Katarek bawe\u0142niany woreczek na aspirator Katarek Standard\/ Katarek Simple \/ Katarek Plus \/ Katarek Complete \/ Katarek Travel \/ Katarek Verical \u2013 1 szt.<\/p>\n"]},{"blockName":"core\/heading","attrs":{"className":"","epAnimationGeneratedClass":"edplus_anim-600Bbx","epGeneratedClass":"eplus-wrapper"},"innerBlocks":[],"innerHTML":"\n<h2 class=\" wp-block-heading eplus-wrapper\">Rada!<\/h2>\n","innerContent":["\n<h2 class=\" wp-block-heading eplus-wrapper\">Rada!<\/h2>\n"]},{"blockName":"core\/paragraph","attrs":{"className":"","epAnimationGeneratedClass":"edplus_anim-2evUzE","epGeneratedClass":"eplus-wrapper"},"innerBlocks":[],"innerHTML":"\n<p class=\" eplus-wrapper\">Wykorzystaj woreczek nie tylko do przechowywania akcesori\u00f3w do aspiratora, ale tak\u017ce innych produkt\u00f3w do piel\u0119gnacji dziecka.<\/p>\n","innerContent":["\n<p class=\" eplus-wrapper\">Wykorzystaj woreczek nie tylko do przechowywania akcesori\u00f3w do aspiratora, ale tak\u017ce innych produkt\u00f3w do piel\u0119gnacji dziecka.<\/p>\n"]},{"blockName":"core\/group","attrs":{"className":"","layout":{"type":"flex","flexWrap":"nowrap"},"epAnimationGeneratedClass":"edplus_anim-T7Vs9S","epGeneratedClass":"eplus-wrapper"},"innerBlocks":[{"blockName":"acf\/image","attrs":{"name":"acf\/image","data":{"image":6125,"_image":"field_642686ed613f8"},"mode":"edit"},"innerBlocks":[],"innerHTML":"","innerContent":[]},{"blockName":"acf\/image","attrs":{"name":"acf\/image","data":{"image":6126,"_image":"field_642686ed613f8"},"mode":"edit"},"innerBlocks":[],"innerHTML":"","innerContent":[]}],"innerHTML":"\n<div class=\" wp-block-group eplus-wrapper\">\n\n<\/div>\n","innerContent":["\n<div class=\" wp-block-group eplus-wrapper\">",null,"\n\n",null,"<\/div>\n"]},{"blockName":"core\/heading","attrs":{"level":3,"className":"","epAnimationGeneratedClass":"edplus_anim-l5MxUp","epGeneratedClass":"eplus-wrapper"},"innerBlocks":[],"innerHTML":"\n<h3 class=\" wp-block-heading eplus-wrapper\"><strong><strong>KATAREK, wspieramy w zdrowiu i chorobie!<\/strong><\/strong><\/h3>\n","innerContent":["\n<h3 class=\" wp-block-heading eplus-wrapper\"><strong><strong>KATAREK, wspieramy w zdrowiu i chorobie!<\/strong><\/strong><\/h3>\n"]}],"meta_data":{"product_additional_info":"","product_gallery_repeater":false,"product_additional_thumbnail":false,"product_faq_heading":{"":null,"heading_label":"","heading_text":"Masz pytania?","heading_level":"h2","heading_variant":"default","extra_classes":""},"product_faq_subtitle":"","product_faq_repeater":[{"title":"Do czego s\u0142u\u017cy bawe\u0142niany woreczek Katarek?","content":"<p>Woreczek Katarek jest przeznaczony do przechowywania aspirator\u00f3w Katarek. U\u0142atwia ich bezpieczne przechowywanie w domu oraz w podr\u00f3\u017cy. Uniemo\u017cliwia zagubienie cz\u0119\u015bci aspiratora.<\/p>\n"},{"title":"Z jakiego materia\u0142u wykonany jest woreczek?","content":"<p>Woreczek wykonany jest z przewiewnej tkaniny bawe\u0142nianej.<\/p>\n"},{"title":"Czy woreczek mo\u017cna pra\u0107?","content":"<p>Tak. Woreczek mo\u017cna pra\u0107 r\u0119cznie jak r\u00f3wnie\u017c w pralce.<\/p>\n"},{"title":"Czy woreczek sprawdzi si\u0119 podczas podr\u00f3\u017cy?","content":"<p>Tak. Woreczek jest wygodnym sposobem przechowywania aspiratora zar\u00f3wno w domu, jak i w czasie podr\u00f3\u017cy.<\/p>\n"},{"title":"Czy w zestawie znajduje si\u0119 aspirator?","content":"<p>Nie. Opakowanie zawiera wy\u0142\u0105cznie woreczek do przechowywania aspiratora.<\/p>\n"}],"product_technical_heading":{"":null,"heading_label":"","heading_text":"","heading_level":"h2","heading_variant":"default","extra_classes":""},"product_technical_repeater":false,"additional_information_under_product_title":"wygoda i higiena","additional_image_under_product_title":false},"_links":{"self":[{"href":"https:\/\/katarek.pl\/index.php\/wp-json\/wp\/v2\/product\/3123","targetHints":{"allow":["GET"]}}],"collection":[{"href":"https:\/\/katarek.pl\/index.php\/wp-json\/wp\/v2\/product"}],"about":[{"href":"https:\/\/katarek.pl\/index.php\/wp-json\/wp\/v2\/types\/product"}],"wp:featuredmedia":[{"embeddable":true,"href":"https:\/\/katarek.pl\/index.php\/wp-json\/wp\/v2\/media\/3363"}],"wp:attachment":[{"href":"https:\/\/katarek.pl\/index.php\/wp-json\/wp\/v2\/media?parent=3123"}],"wp:term":[{"taxonomy":"product_brand","embeddable":true,"href":"https:\/\/katarek.pl\/index.php\/wp-json\/wp\/v2\/product_brand?post=3123"},{"taxonomy":"product_cat","embeddable":true,"href":"https:\/\/katarek.pl\/index.php\/wp-json\/wp\/v2\/product_cat?post=3123"},{"taxonomy":"product_tag","embeddable":true,"href":"https:\/\/katarek.pl\/index.php\/wp-json\/wp\/v2\/product_tag?post=3123"}],"curies":[{"name":"wp","href":"https:\/\/api.w.org\/{rel}","templated":true}]}}