{"id":811,"date":"2025-04-28T19:15:31","date_gmt":"2025-04-28T17:15:31","guid":{"rendered":"https:\/\/katarek.empressia.dev\/?page_id=811"},"modified":"2025-12-18T12:13:40","modified_gmt":"2025-12-18T11:13:40","slug":"dostawa-i-platnosc","status":"publish","type":"page","link":"https:\/\/katarek.pl\/dostawa-i-platnosc\/","title":{"rendered":"Dostawa i p\u0142atno\u015b\u0107"},"content":{"rendered":"\n<h2 class=\" wp-block-heading eplus-wrapper\">Dostawa<\/h2>\n\n\n\n<p class=\" eplus-wrapper\">Wysy\u0142amy zam\u00f3wienia na terenie Polski. <br><strong>&#8211; InPost Paczkomat 24\/7 \u2013 14,00 z\u0142<br>&#8211; InPost Kurier \u2013 18,00 z\u0142<br>&#8211; Kurier DPD (przedp\u0142ata) \u2013 18,00 z\u0142<\/strong><br><br><strong>Darmowa dostawa od 150 z\u0142<\/strong> <br><br><strong>Czas realizacji i wysy\u0142ki<br><\/strong>Standardowo wysy\u0142amy zam\u00f3wienia <strong>w ci\u0105gu 24 godzin od z\u0142o\u017cenia<\/strong>.<br>Zam\u00f3wienia z\u0142o\u017cone <strong>w dni robocze do godz. 11:00<\/strong> nadajemy <strong>tego samego dnia<\/strong>.<br>Uwaga: w okresach zwi\u0119kszonej liczby zam\u00f3wie\u0144 czas realizacji mo\u017ce si\u0119 wyd\u0142u\u017cy\u0107, ale zawsze robimy wszystko, \u017ceby wysy\u0142ka by\u0142a jak najszybsza.<\/p>\n\n\n\n<h2 class=\" wp-block-heading eplus-wrapper\">P\u0142atno\u015bci<\/h2>\n\n\n\n<p class=\" eplus-wrapper\"><br>P\u0142atno\u015bci obs\u0142uguje <strong>Przelewy24<\/strong>. Dost\u0119pne metody:<br><strong>&#8211; BLIK<br>&#8211; szybkie przelewy online<\/strong> (przelew natychmiastowy \/ pay-by-link)<br><br>Wkr\u00f3tce<br>Pracujemy nad uruchomieniem kolejnych opcji p\u0142atno\u015bci:<br><strong>&#8211; Google Pay<br>&#8211; Apple Pay<br>&#8211; p\u0142atno\u015b\u0107 kart\u0105<\/strong> (Visa \/ Mastercard)<\/p>\n","protected":false},"excerpt":{"rendered":"<p>Dostawa Wysy\u0142amy zam\u00f3wienia na terenie Polski. &#8211; InPost Paczkomat 24\/7 \u2013 14,00 z\u0142&#8211; InPost Kurier \u2013 18,00 z\u0142&#8211; Kurier DPD (przedp\u0142ata) \u2013 18,00 z\u0142 Darmowa dostawa od 150 z\u0142 Czas realizacji i wysy\u0142kiStandardowo wysy\u0142amy zam\u00f3wienia w ci\u0105gu 24 godzin od z\u0142o\u017cenia.Zam\u00f3wienia z\u0142o\u017cone w dni robocze do godz. 11:00 nadajemy tego samego dnia.Uwaga: w okresach zwi\u0119kszonej [&hellip;]<\/p>\n","protected":false},"author":1,"featured_media":0,"parent":0,"menu_order":0,"comment_status":"closed","ping_status":"closed","template":"","meta":{"_acf_changed":false,"inline_featured_image":false,"editor_plus_copied_stylings":"{}","footnotes":""},"class_list":["post-811","page","type-page","status-publish","hentry"],"yoast_head":"<!-- This site is optimized with the Yoast SEO plugin v27.4 - https:\/\/yoast.com\/product\/yoast-seo-wordpress\/ -->\n<title>Dostawa i p\u0142atno\u015b\u0107 - katarek.pl<\/title>\n<meta name=\"robots\" content=\"index, follow, max-snippet:-1, max-image-preview:large, max-video-preview:-1\" \/>\n<link rel=\"canonical\" href=\"https:\/\/katarek.pl\/dostawa-i-platnosc\/\" \/>\n<meta property=\"og:locale\" content=\"pl_PL\" \/>\n<meta property=\"og:type\" content=\"article\" \/>\n<meta property=\"og:title\" content=\"Dostawa i p\u0142atno\u015b\u0107 - katarek.pl\" \/>\n<meta property=\"og:description\" content=\"Dostawa Wysy\u0142amy zam\u00f3wienia na terenie Polski. &#8211; InPost Paczkomat 24\/7 \u2013 14,00 z\u0142&#8211; InPost Kurier \u2013 18,00 z\u0142&#8211; Kurier DPD (przedp\u0142ata) \u2013 18,00 z\u0142 Darmowa dostawa od 150 z\u0142 Czas realizacji i wysy\u0142kiStandardowo wysy\u0142amy zam\u00f3wienia w ci\u0105gu 24 godzin od z\u0142o\u017cenia.Zam\u00f3wienia z\u0142o\u017cone w dni robocze do godz. 11:00 nadajemy tego samego dnia.Uwaga: w okresach zwi\u0119kszonej [&hellip;]\" \/>\n<meta property=\"og:url\" content=\"https:\/\/katarek.pl\/dostawa-i-platnosc\/\" \/>\n<meta property=\"og:site_name\" content=\"katarek.pl\" \/>\n<meta property=\"article:modified_time\" content=\"2025-12-18T11:13:40+00:00\" \/>\n<meta name=\"twitter:card\" content=\"summary_large_image\" \/>\n<meta name=\"twitter:label1\" content=\"Szacowany czas czytania\" \/>\n\t<meta name=\"twitter:data1\" content=\"1 minuta\" \/>\n<script type=\"application\/ld+json\" class=\"yoast-schema-graph\">{\"@context\":\"https:\\\/\\\/schema.org\",\"@graph\":[{\"@type\":\"WebPage\",\"@id\":\"https:\\\/\\\/katarek.pl\\\/dostawa-i-platnosc\\\/\",\"url\":\"https:\\\/\\\/katarek.pl\\\/dostawa-i-platnosc\\\/\",\"name\":\"Dostawa i p\u0142atno\u015b\u0107 - katarek.pl\",\"isPartOf\":{\"@id\":\"https:\\\/\\\/katarek.pl\\\/#website\"},\"datePublished\":\"2025-04-28T17:15:31+00:00\",\"dateModified\":\"2025-12-18T11:13:40+00:00\",\"breadcrumb\":{\"@id\":\"https:\\\/\\\/katarek.pl\\\/dostawa-i-platnosc\\\/#breadcrumb\"},\"inLanguage\":\"pl-PL\",\"potentialAction\":[{\"@type\":\"ReadAction\",\"target\":[\"https:\\\/\\\/katarek.pl\\\/dostawa-i-platnosc\\\/\"]}]},{\"@type\":\"BreadcrumbList\",\"@id\":\"https:\\\/\\\/katarek.pl\\\/dostawa-i-platnosc\\\/#breadcrumb\",\"itemListElement\":[{\"@type\":\"ListItem\",\"position\":1,\"name\":\"Home\",\"item\":\"https:\\\/\\\/katarek.pl\\\/\"},{\"@type\":\"ListItem\",\"position\":2,\"name\":\"Dostawa i p\u0142atno\u015b\u0107\"}]},{\"@type\":\"WebSite\",\"@id\":\"https:\\\/\\\/katarek.pl\\\/#website\",\"url\":\"https:\\\/\\\/katarek.pl\\\/\",\"name\":\"katarek.pl\",\"description\":\"\",\"potentialAction\":[{\"@type\":\"SearchAction\",\"target\":{\"@type\":\"EntryPoint\",\"urlTemplate\":\"https:\\\/\\\/katarek.pl\\\/?s={search_term_string}\"},\"query-input\":{\"@type\":\"PropertyValueSpecification\",\"valueRequired\":true,\"valueName\":\"search_term_string\"}}],\"inLanguage\":\"pl-PL\"}]}<\/script>\n<!-- \/ Yoast SEO plugin. -->","yoast_head_json":{"title":"Dostawa i p\u0142atno\u015b\u0107 - katarek.pl","robots":{"index":"index","follow":"follow","max-snippet":"max-snippet:-1","max-image-preview":"max-image-preview:large","max-video-preview":"max-video-preview:-1"},"canonical":"https:\/\/katarek.pl\/dostawa-i-platnosc\/","og_locale":"pl_PL","og_type":"article","og_title":"Dostawa i p\u0142atno\u015b\u0107 - katarek.pl","og_description":"Dostawa Wysy\u0142amy zam\u00f3wienia na terenie Polski. &#8211; InPost Paczkomat 24\/7 \u2013 14,00 z\u0142&#8211; InPost Kurier \u2013 18,00 z\u0142&#8211; Kurier DPD (przedp\u0142ata) \u2013 18,00 z\u0142 Darmowa dostawa od 150 z\u0142 Czas realizacji i wysy\u0142kiStandardowo wysy\u0142amy zam\u00f3wienia w ci\u0105gu 24 godzin od z\u0142o\u017cenia.Zam\u00f3wienia z\u0142o\u017cone w dni robocze do godz. 11:00 nadajemy tego samego dnia.Uwaga: w okresach zwi\u0119kszonej [&hellip;]","og_url":"https:\/\/katarek.pl\/dostawa-i-platnosc\/","og_site_name":"katarek.pl","article_modified_time":"2025-12-18T11:13:40+00:00","twitter_card":"summary_large_image","twitter_misc":{"Szacowany czas czytania":"1 minuta"},"schema":{"@context":"https:\/\/schema.org","@graph":[{"@type":"WebPage","@id":"https:\/\/katarek.pl\/dostawa-i-platnosc\/","url":"https:\/\/katarek.pl\/dostawa-i-platnosc\/","name":"Dostawa i p\u0142atno\u015b\u0107 - katarek.pl","isPartOf":{"@id":"https:\/\/katarek.pl\/#website"},"datePublished":"2025-04-28T17:15:31+00:00","dateModified":"2025-12-18T11:13:40+00:00","breadcrumb":{"@id":"https:\/\/katarek.pl\/dostawa-i-platnosc\/#breadcrumb"},"inLanguage":"pl-PL","potentialAction":[{"@type":"ReadAction","target":["https:\/\/katarek.pl\/dostawa-i-platnosc\/"]}]},{"@type":"BreadcrumbList","@id":"https:\/\/katarek.pl\/dostawa-i-platnosc\/#breadcrumb","itemListElement":[{"@type":"ListItem","position":1,"name":"Home","item":"https:\/\/katarek.pl\/"},{"@type":"ListItem","position":2,"name":"Dostawa i p\u0142atno\u015b\u0107"}]},{"@type":"WebSite","@id":"https:\/\/katarek.pl\/#website","url":"https:\/\/katarek.pl\/","name":"katarek.pl","description":"","potentialAction":[{"@type":"SearchAction","target":{"@type":"EntryPoint","urlTemplate":"https:\/\/katarek.pl\/?s={search_term_string}"},"query-input":{"@type":"PropertyValueSpecification","valueRequired":true,"valueName":"search_term_string"}}],"inLanguage":"pl-PL"}]}},"acf":[],"gutenberg_blocks":[{"blockName":"custom-styles","attrs":{"styles":""}},{"blockName":"core\/heading","attrs":{"className":"","epAnimationGeneratedClass":"edplus_anim-xGXuc3","epGeneratedClass":"eplus-wrapper"},"innerBlocks":[],"innerHTML":"\n<h2 class=\" wp-block-heading eplus-wrapper\">Dostawa<\/h2>\n","innerContent":["\n<h2 class=\" wp-block-heading eplus-wrapper\">Dostawa<\/h2>\n"]},{"blockName":"core\/paragraph","attrs":{"className":"","epAnimationGeneratedClass":"edplus_anim-bXWQTT","epGeneratedClass":"eplus-wrapper"},"innerBlocks":[],"innerHTML":"\n<p class=\" eplus-wrapper\">Wysy\u0142amy zam\u00f3wienia na terenie Polski. <br><strong>- InPost Paczkomat 24\/7 \u2013 14,00 z\u0142<br>- InPost Kurier \u2013 18,00 z\u0142<br>- Kurier DPD (przedp\u0142ata) \u2013 18,00 z\u0142<\/strong><br><br><strong>Darmowa dostawa od 150 z\u0142<\/strong> <br><br><strong>Czas realizacji i wysy\u0142ki<br><\/strong>Standardowo wysy\u0142amy zam\u00f3wienia <strong>w ci\u0105gu 24 godzin od z\u0142o\u017cenia<\/strong>.<br>Zam\u00f3wienia z\u0142o\u017cone <strong>w dni robocze do godz. 11:00<\/strong> nadajemy <strong>tego samego dnia<\/strong>.<br>Uwaga: w okresach zwi\u0119kszonej liczby zam\u00f3wie\u0144 czas realizacji mo\u017ce si\u0119 wyd\u0142u\u017cy\u0107, ale zawsze robimy wszystko, \u017ceby wysy\u0142ka by\u0142a jak najszybsza.<\/p>\n","innerContent":["\n<p class=\" eplus-wrapper\">Wysy\u0142amy zam\u00f3wienia na terenie Polski. <br><strong>- InPost Paczkomat 24\/7 \u2013 14,00 z\u0142<br>- InPost Kurier \u2013 18,00 z\u0142<br>- Kurier DPD (przedp\u0142ata) \u2013 18,00 z\u0142<\/strong><br><br><strong>Darmowa dostawa od 150 z\u0142<\/strong> <br><br><strong>Czas realizacji i wysy\u0142ki<br><\/strong>Standardowo wysy\u0142amy zam\u00f3wienia <strong>w ci\u0105gu 24 godzin od z\u0142o\u017cenia<\/strong>.<br>Zam\u00f3wienia z\u0142o\u017cone <strong>w dni robocze do godz. 11:00<\/strong> nadajemy <strong>tego samego dnia<\/strong>.<br>Uwaga: w okresach zwi\u0119kszonej liczby zam\u00f3wie\u0144 czas realizacji mo\u017ce si\u0119 wyd\u0142u\u017cy\u0107, ale zawsze robimy wszystko, \u017ceby wysy\u0142ka by\u0142a jak najszybsza.<\/p>\n"]},{"blockName":"core\/heading","attrs":{"className":"","epAnimationGeneratedClass":"edplus_anim-gyP25u","epGeneratedClass":"eplus-wrapper"},"innerBlocks":[],"innerHTML":"\n<h2 class=\" wp-block-heading eplus-wrapper\">P\u0142atno\u015bci<\/h2>\n","innerContent":["\n<h2 class=\" wp-block-heading eplus-wrapper\">P\u0142atno\u015bci<\/h2>\n"]},{"blockName":"core\/paragraph","attrs":{"className":"","epAnimationGeneratedClass":"edplus_anim-pQiOC3","epGeneratedClass":"eplus-wrapper"},"innerBlocks":[],"innerHTML":"\n<p class=\" eplus-wrapper\"><br>P\u0142atno\u015bci obs\u0142uguje <strong>Przelewy24<\/strong>. Dost\u0119pne metody:<br><strong>- BLIK<br>- szybkie przelewy online<\/strong> (przelew natychmiastowy \/ pay-by-link)<br><br>Wkr\u00f3tce<br>Pracujemy nad uruchomieniem kolejnych opcji p\u0142atno\u015bci:<br><strong>- Google Pay<br>- Apple Pay<br>- p\u0142atno\u015b\u0107 kart\u0105<\/strong> (Visa \/ Mastercard)<\/p>\n","innerContent":["\n<p class=\" eplus-wrapper\"><br>P\u0142atno\u015bci obs\u0142uguje <strong>Przelewy24<\/strong>. Dost\u0119pne metody:<br><strong>- BLIK<br>- szybkie przelewy online<\/strong> (przelew natychmiastowy \/ pay-by-link)<br><br>Wkr\u00f3tce<br>Pracujemy nad uruchomieniem kolejnych opcji p\u0142atno\u015bci:<br><strong>- Google Pay<br>- Apple Pay<br>- p\u0142atno\u015b\u0107 kart\u0105<\/strong> (Visa \/ Mastercard)<\/p>\n"]}],"meta_data":{"container":""},"_links":{"self":[{"href":"https:\/\/katarek.pl\/index.php\/wp-json\/wp\/v2\/pages\/811","targetHints":{"allow":["GET"]}}],"collection":[{"href":"https:\/\/katarek.pl\/index.php\/wp-json\/wp\/v2\/pages"}],"about":[{"href":"https:\/\/katarek.pl\/index.php\/wp-json\/wp\/v2\/types\/page"}],"author":[{"embeddable":true,"href":"https:\/\/katarek.pl\/index.php\/wp-json\/wp\/v2\/users\/1"}],"replies":[{"embeddable":true,"href":"https:\/\/katarek.pl\/index.php\/wp-json\/wp\/v2\/comments?post=811"}],"version-history":[{"count":3,"href":"https:\/\/katarek.pl\/index.php\/wp-json\/wp\/v2\/pages\/811\/revisions"}],"predecessor-version":[{"id":4583,"href":"https:\/\/katarek.pl\/index.php\/wp-json\/wp\/v2\/pages\/811\/revisions\/4583"}],"wp:attachment":[{"href":"https:\/\/katarek.pl\/index.php\/wp-json\/wp\/v2\/media?parent=811"}],"curies":[{"name":"wp","href":"https:\/\/api.w.org\/{rel}","templated":true}]}}