{"id":3080,"date":"2025-07-07T10:55:15","date_gmt":"2025-07-07T08:55:15","guid":{"rendered":"https:\/\/katarek.nrtwdgbnzw.cfolks.pl\/?page_id=3080"},"modified":"2025-07-07T11:03:17","modified_gmt":"2025-07-07T09:03:17","slug":"potwierdzenie-zapisu-do-newslettera","status":"publish","type":"page","link":"https:\/\/katarek.pl\/potwierdzenie-zapisu-do-newslettera\/","title":{"rendered":"Potwierdzenie zapisu do newslettera"},"content":{"rendered":"\n\n\t<h1 class=\"h2  py-spacer-40 text-center \">\n\n\t\tDzi\u0119kujemy za zapisanie si\u0119 do newslettera\n\n\t<\/h1>\n\n\n\n\n<div class=\"mb-60 wp-block-group eplus-wrapper is-content-justification-center is-nowrap is-layout-flex wp-container-core-group-is-layout-94bc23d7 wp-block-group-is-layout-flex\">\t\n\t\n\t\n\t\t\n\t\t\t<a href=\"\/\" target=\"_self\"  class=\"button primary mb-60  \">\n\t\t\t\t<span>\n\t\t\t\t\tPowr\u00f3t do strony g\u0142\u00f3wnej\n\t\t\t\t<\/span>\n\n\t\t\t\t\t\t\t\t\t<svg xmlns=\"http:\/\/www.w3.org\/2000\/svg\" width=\"24\" height=\"24\" viewbox=\"0 0 24 24\" fill=\"none\">\n\t<path d=\"M4 12H20M20 12L14.6667 7M20 12L14.6667 17\" stroke=\"currentColor\" stroke-width=\"1.5\" stroke-linecap=\"round\"\/>\n<\/svg>\n\n\t\t\t\t\n\t\t\t<\/a>\n\n\t\t\n\t\n<\/div>\n\n\n","protected":false},"excerpt":{"rendered":"","protected":false},"author":1,"featured_media":0,"parent":0,"menu_order":0,"comment_status":"closed","ping_status":"closed","template":"","meta":{"_acf_changed":false,"inline_featured_image":false,"editor_plus_copied_stylings":"{}","footnotes":""},"class_list":["post-3080","page","type-page","status-publish","hentry"],"yoast_head":"<!-- This site is optimized with the Yoast SEO plugin v27.4 - https:\/\/yoast.com\/product\/yoast-seo-wordpress\/ -->\n<title>Potwierdzenie zapisu do newslettera - katarek.pl<\/title>\n<meta name=\"robots\" content=\"index, follow, max-snippet:-1, max-image-preview:large, max-video-preview:-1\" \/>\n<link rel=\"canonical\" href=\"https:\/\/katarek.pl\/potwierdzenie-zapisu-do-newslettera\/\" \/>\n<meta property=\"og:locale\" content=\"pl_PL\" \/>\n<meta property=\"og:type\" content=\"article\" \/>\n<meta property=\"og:title\" content=\"Potwierdzenie zapisu do newslettera - katarek.pl\" \/>\n<meta property=\"og:url\" content=\"https:\/\/katarek.pl\/potwierdzenie-zapisu-do-newslettera\/\" \/>\n<meta property=\"og:site_name\" content=\"katarek.pl\" \/>\n<meta property=\"article:modified_time\" content=\"2025-07-07T09:03:17+00:00\" \/>\n<meta name=\"twitter:card\" content=\"summary_large_image\" \/>\n<script type=\"application\/ld+json\" class=\"yoast-schema-graph\">{\"@context\":\"https:\\\/\\\/schema.org\",\"@graph\":[{\"@type\":\"WebPage\",\"@id\":\"https:\\\/\\\/katarek.pl\\\/potwierdzenie-zapisu-do-newslettera\\\/\",\"url\":\"https:\\\/\\\/katarek.pl\\\/potwierdzenie-zapisu-do-newslettera\\\/\",\"name\":\"Potwierdzenie zapisu do newslettera - katarek.pl\",\"isPartOf\":{\"@id\":\"https:\\\/\\\/katarek.pl\\\/#website\"},\"datePublished\":\"2025-07-07T08:55:15+00:00\",\"dateModified\":\"2025-07-07T09:03:17+00:00\",\"breadcrumb\":{\"@id\":\"https:\\\/\\\/katarek.pl\\\/potwierdzenie-zapisu-do-newslettera\\\/#breadcrumb\"},\"inLanguage\":\"pl-PL\",\"potentialAction\":[{\"@type\":\"ReadAction\",\"target\":[\"https:\\\/\\\/katarek.pl\\\/potwierdzenie-zapisu-do-newslettera\\\/\"]}]},{\"@type\":\"BreadcrumbList\",\"@id\":\"https:\\\/\\\/katarek.pl\\\/potwierdzenie-zapisu-do-newslettera\\\/#breadcrumb\",\"itemListElement\":[{\"@type\":\"ListItem\",\"position\":1,\"name\":\"Home\",\"item\":\"https:\\\/\\\/katarek.pl\\\/\"},{\"@type\":\"ListItem\",\"position\":2,\"name\":\"Potwierdzenie zapisu do newslettera\"}]},{\"@type\":\"WebSite\",\"@id\":\"https:\\\/\\\/katarek.pl\\\/#website\",\"url\":\"https:\\\/\\\/katarek.pl\\\/\",\"name\":\"katarek.pl\",\"description\":\"\",\"potentialAction\":[{\"@type\":\"SearchAction\",\"target\":{\"@type\":\"EntryPoint\",\"urlTemplate\":\"https:\\\/\\\/katarek.pl\\\/?s={search_term_string}\"},\"query-input\":{\"@type\":\"PropertyValueSpecification\",\"valueRequired\":true,\"valueName\":\"search_term_string\"}}],\"inLanguage\":\"pl-PL\"}]}<\/script>\n<!-- \/ Yoast SEO plugin. -->","yoast_head_json":{"title":"Potwierdzenie zapisu do newslettera - katarek.pl","robots":{"index":"index","follow":"follow","max-snippet":"max-snippet:-1","max-image-preview":"max-image-preview:large","max-video-preview":"max-video-preview:-1"},"canonical":"https:\/\/katarek.pl\/potwierdzenie-zapisu-do-newslettera\/","og_locale":"pl_PL","og_type":"article","og_title":"Potwierdzenie zapisu do newslettera - katarek.pl","og_url":"https:\/\/katarek.pl\/potwierdzenie-zapisu-do-newslettera\/","og_site_name":"katarek.pl","article_modified_time":"2025-07-07T09:03:17+00:00","twitter_card":"summary_large_image","schema":{"@context":"https:\/\/schema.org","@graph":[{"@type":"WebPage","@id":"https:\/\/katarek.pl\/potwierdzenie-zapisu-do-newslettera\/","url":"https:\/\/katarek.pl\/potwierdzenie-zapisu-do-newslettera\/","name":"Potwierdzenie zapisu do newslettera - katarek.pl","isPartOf":{"@id":"https:\/\/katarek.pl\/#website"},"datePublished":"2025-07-07T08:55:15+00:00","dateModified":"2025-07-07T09:03:17+00:00","breadcrumb":{"@id":"https:\/\/katarek.pl\/potwierdzenie-zapisu-do-newslettera\/#breadcrumb"},"inLanguage":"pl-PL","potentialAction":[{"@type":"ReadAction","target":["https:\/\/katarek.pl\/potwierdzenie-zapisu-do-newslettera\/"]}]},{"@type":"BreadcrumbList","@id":"https:\/\/katarek.pl\/potwierdzenie-zapisu-do-newslettera\/#breadcrumb","itemListElement":[{"@type":"ListItem","position":1,"name":"Home","item":"https:\/\/katarek.pl\/"},{"@type":"ListItem","position":2,"name":"Potwierdzenie zapisu do newslettera"}]},{"@type":"WebSite","@id":"https:\/\/katarek.pl\/#website","url":"https:\/\/katarek.pl\/","name":"katarek.pl","description":"","potentialAction":[{"@type":"SearchAction","target":{"@type":"EntryPoint","urlTemplate":"https:\/\/katarek.pl\/?s={search_term_string}"},"query-input":{"@type":"PropertyValueSpecification","valueRequired":true,"valueName":"search_term_string"}}],"inLanguage":"pl-PL"}]}},"acf":[],"gutenberg_blocks":[{"blockName":"custom-styles","attrs":{"styles":""}},{"blockName":"acf\/heading","attrs":{"name":"acf\/heading","data":{"heading_label":"","_heading_label":"field_680f5de7d3992","heading_text":"Dzi\u0119kujemy za zapisanie si\u0119 do newslettera","_heading_text":"field_638627ccced84","heading_level":"h1","_heading_level":"field_638627e7ced85","heading_variant":"h2","_heading_variant":"field_63862847ced86","extra_classes":"py-spacer-40 text-center","_extra_classes":"field_638628eeced88"},"mode":"edit"},"innerBlocks":[],"innerHTML":"","innerContent":[]},{"blockName":"core\/group","attrs":{"className":"mb-60","layout":{"type":"flex","flexWrap":"nowrap","justifyContent":"center"},"epAnimationGeneratedClass":"edplus_anim-c10VnE","epGeneratedClass":"eplus-wrapper"},"innerBlocks":[{"blockName":"acf\/button","attrs":{"name":"acf\/button","data":{"button_type":"link","_button_type":"field_63bbde3b8f0d0","button_link":{"title":"Powr\u00f3t do strony g\u0142\u00f3wnej","url":"\/","target":""},"_button_link":"field_61d4039bc2f0b","button_style":"primary","_button_style":"field_63872d045d0f0","button_extra_classes":"mb-60","_button_extra_classes":"field_642beab6a97de"},"mode":"edit"},"innerBlocks":[],"innerHTML":"","innerContent":[]}],"innerHTML":"\n<div class=\"mb-60 wp-block-group eplus-wrapper\"><\/div>\n","innerContent":["\n<div class=\"mb-60 wp-block-group eplus-wrapper\">",null,"<\/div>\n"]},{"blockName":"acf\/separator","attrs":{"name":"acf\/separator","data":{"separator_values_min":"32","_separator_values_min":"field_659d1d0e47ee6","separator_values_max":"70","_separator_values_max":"field_659d1d4547ee7","separator_values":"","_separator_values":"field_659d261a7f4e0"},"mode":"edit"},"innerBlocks":[],"innerHTML":"","innerContent":[]}],"meta_data":{"container":""},"_links":{"self":[{"href":"https:\/\/katarek.pl\/index.php\/wp-json\/wp\/v2\/pages\/3080","targetHints":{"allow":["GET"]}}],"collection":[{"href":"https:\/\/katarek.pl\/index.php\/wp-json\/wp\/v2\/pages"}],"about":[{"href":"https:\/\/katarek.pl\/index.php\/wp-json\/wp\/v2\/types\/page"}],"author":[{"embeddable":true,"href":"https:\/\/katarek.pl\/index.php\/wp-json\/wp\/v2\/users\/1"}],"replies":[{"embeddable":true,"href":"https:\/\/katarek.pl\/index.php\/wp-json\/wp\/v2\/comments?post=3080"}],"version-history":[{"count":10,"href":"https:\/\/katarek.pl\/index.php\/wp-json\/wp\/v2\/pages\/3080\/revisions"}],"predecessor-version":[{"id":3092,"href":"https:\/\/katarek.pl\/index.php\/wp-json\/wp\/v2\/pages\/3080\/revisions\/3092"}],"wp:attachment":[{"href":"https:\/\/katarek.pl\/index.php\/wp-json\/wp\/v2\/media?parent=3080"}],"curies":[{"name":"wp","href":"https:\/\/api.w.org\/{rel}","templated":true}]}}