{"id":1081,"date":"2025-05-12T15:12:04","date_gmt":"2025-05-12T13:12:04","guid":{"rendered":"https:\/\/katarek.empressia.dev\/?page_id=1081"},"modified":"2025-09-26T15:00:43","modified_gmt":"2025-09-26T13:00:43","slug":"o-marce","status":"publish","type":"page","link":"https:\/\/katarek.pl\/o-marce\/","title":{"rendered":"O marce"},"content":{"rendered":"\n<h1 class=\" wp-block-heading eplus-wrapper\"><strong>O marce Katarek<\/strong><\/h1>\n\n\n\n<h2 class=\" wp-block-heading eplus-wrapper\"><strong>Swobodny oddech. Spokojna g\u0142owa.<\/strong><\/h2>\n\n\n\n<p class=\" eplus-wrapper\">W Katarek wiemy, \u017ce rodzicielstwo zaczyna si\u0119 od pyta\u0144 \u2014 o to, co bezpieczne, naturalne, skuteczne. Dlatego od lat pomagamy mamom i ich maluchom \u0142atwiej przej\u015b\u0107 przez to, co nieuniknione: infekcje, katar, kaszel, zatkane noski i nieprzespane noce.<\/p>\n\n\n\n<p class=\" eplus-wrapper\">Specjalizujemy si\u0119 w jednym \u2014 <strong>zdrowiu dr\u00f3g oddechowych najm\u0142odszych dzieci<\/strong>. To nie przypadek, \u017ce aspirator Katarek do odkurzacza zna wi\u0119kszo\u015b\u0107 polskich mam. Ale to dopiero pocz\u0105tek. Tworzymy rozwi\u0105zania, kt\u00f3re <strong>przynosz\u0105 realn\u0105 ulg\u0119<\/strong> \u2014 od aspirator\u00f3w, przez nebulizatory, po roztwory soli, kt\u00f3re pomog\u0105 w codziennej piel\u0119gnacji.<\/p>\n\n\n\n<h2 class=\" wp-block-heading eplus-wrapper\"><strong>Dla kogo jeste\u015bmy?<\/strong><\/h2>\n\n\n\n<p class=\" eplus-wrapper\">Dla kobiet w ci\u0105\u017cy, kt\u00f3re chc\u0105 przygotowa\u0107 wyprawk\u0119 \u015bwiadomie.<br>Dla mam, kt\u00f3re wybieraj\u0105 rozs\u0105dnie \u2013 Sprawdzone, dobre rozwi\u0105zania.<br>Dla tych, kt\u00f3re szukaj\u0105 <strong>spokoju<\/strong>\u2014 kiedy maluszek zaczyna poci\u0105ga\u0107 nosem.<\/p>\n\n\n\n<section class=\"product-description alignfull section-mb-xxs relative overflow-hidden \">\n\t<div class=\"container container--mobile-overflow\">\n\t\t\t\t\t\n\n\t<h2 class=\"  text-center font-semibold mb-spacer-40 \">\n\n\t\tCo mo\u017cesz zyska\u0107, korzystaj\u0105c z produkt\u00f3w Katarek?\n\n\t<\/h2>\n\n\t\t\t\t<div class=\"mx-[-1.5rem] pl-[1.5rem] md:pl-0 md:mx-0\">\n\t\t\t<div class=\"flex flex-nowrap pb-32 lg:pb-0 md:grid md:grid-cols-2 lg:grid-cols-3 gap-16  overflow-x-auto\">\n\t\t\t\t\t\t\t\t\t<div class=\"min-w-[44%] lg:min-w-0 tile bg-white text-primary-700 rounded-32 p-24 flex flex-col gap-4\">\n\t\t\t\t\t\t\n\t\n\t\t\n\t\t\t\t\t\t\t\n\t<figure class=\"overflow-hidden filter-primary !mt-0 w-auto h-48 [&#038;_img]:w-auto [&#038;_img]:h-48\">\n\n\t\t\n\t\t\t\t\t\t\t\t\t\n\t\t\t<img decoding=\"async\" src=\"https:\/\/katarek.pl\/wp-content\/uploads\/2025\/04\/thumb_up.svg\" srcset=\"\" sizes=\"\" alt=\"thumb_up\" class=\"h-full w-full object-cover\" width=\"49\" height=\"48\" loading=\"lazy\"\/>\n\n\t\t\n\t<\/figure>\n\n\n\t\t\n\t\n\t\t\t\t\t\t\t\t\t\t\t\t\t\n\n\t<h5 class=\"  font-medium !text-primary-700 \">\n\n\t\tMniej stresu\n\n\t<\/h5>\n\n\t\t\t\t\t\t\t\t\t\t\t\t<div class=\"text-md\">\n\t\t\t\t\t\t\t<p>bo wiesz, co dzia\u0142a i jak u\u017cy\u0107.<\/p>\n\n\t\t\t\t\t\t<\/div>\n\t\t\t\t\t<\/div>\n\t\t\t\t\t\t\t\t\t<div class=\"min-w-[44%] lg:min-w-0 tile bg-white text-primary-700 rounded-32 p-24 flex flex-col gap-4\">\n\t\t\t\t\t\t\n\t\n\t\t\n\t\t\t\t\t\t\t\n\t<figure class=\"overflow-hidden filter-primary !mt-0 w-auto h-48 [&#038;_img]:w-auto [&#038;_img]:h-48\">\n\n\t\t\n\t\t\t\t\t\t\t\t\t\n\t\t\t<img decoding=\"async\" src=\"https:\/\/katarek.pl\/wp-content\/uploads\/2025\/04\/thumb_up.svg\" srcset=\"\" sizes=\"\" alt=\"thumb_up\" class=\"h-full w-full object-cover\" width=\"49\" height=\"48\" loading=\"lazy\"\/>\n\n\t\t\n\t<\/figure>\n\n\n\t\t\n\t\n\t\t\t\t\t\t\t\t\t\t\t\t\t\n\n\t<h5 class=\"  font-medium !text-primary-700 \">\n\n\t\tWi\u0119cej snu\n\n\t<\/h5>\n\n\t\t\t\t\t\t\t\t\t\t\t\t<div class=\"text-md\">\n\t\t\t\t\t\t\t<p>bo dziecko oddycha lepiej i spokojniej \u015bpi.<\/p>\n\n\t\t\t\t\t\t<\/div>\n\t\t\t\t\t<\/div>\n\t\t\t\t\t\t\t\t\t<div class=\"min-w-[44%] lg:min-w-0 tile bg-white text-primary-700 rounded-32 p-24 flex flex-col gap-4\">\n\t\t\t\t\t\t\n\t\n\t\t\n\t\t\t\t\t\t\t\n\t<figure class=\"overflow-hidden filter-primary !mt-0 w-auto h-48 [&#038;_img]:w-auto [&#038;_img]:h-48\">\n\n\t\t\n\t\t\t\t\t\t\t\t\t\n\t\t\t<img decoding=\"async\" src=\"https:\/\/katarek.pl\/wp-content\/uploads\/2025\/04\/thumb_up.svg\" srcset=\"\" sizes=\"\" alt=\"thumb_up\" class=\"h-full w-full object-cover\" width=\"49\" height=\"48\" loading=\"lazy\"\/>\n\n\t\t\n\t<\/figure>\n\n\n\t\t\n\t\n\t\t\t\t\t\t\t\t\t\t\t\t\t\n\n\t<h5 class=\"  font-medium !text-primary-700 \">\n\n\t\tWi\u0119cej pewno\u015bci\n\n\t<\/h5>\n\n\t\t\t\t\t\t\t\t\t\t\t\t<div class=\"text-md\">\n\t\t\t\t\t\t\t<p>bo wybierasz sprawdzone rozwi\u0105zania, kt\u00f3re od wielu lat polecaj\u0105 mamy.<\/p>\n\n\t\t\t\t\t\t<\/div>\n\t\t\t\t\t<\/div>\n\t\t\t\t\t\t\t<\/div>\n\t\t<\/div>\n\t<\/div>\n<\/section>\n\n\n\n\n\n<p class=\" eplus-wrapper\"><\/p>\n","protected":false},"excerpt":{"rendered":"<p>O marce Katarek Swobodny oddech. Spokojna g\u0142owa. W Katarek wiemy, \u017ce rodzicielstwo zaczyna si\u0119 od pyta\u0144 \u2014 o to, co bezpieczne, naturalne, skuteczne. Dlatego od lat pomagamy mamom i ich maluchom \u0142atwiej przej\u015b\u0107 przez to, co nieuniknione: infekcje, katar, kaszel, zatkane noski i nieprzespane noce. Specjalizujemy si\u0119 w jednym \u2014 zdrowiu dr\u00f3g oddechowych najm\u0142odszych dzieci. [&hellip;]<\/p>\n","protected":false},"author":1,"featured_media":0,"parent":0,"menu_order":0,"comment_status":"closed","ping_status":"closed","template":"page-templates\/page-privacy-policy.php","meta":{"_acf_changed":false,"inline_featured_image":false,"editor_plus_copied_stylings":"{}","footnotes":""},"class_list":["post-1081","page","type-page","status-publish","hentry"],"yoast_head":"<!-- This site is optimized with the Yoast SEO plugin v27.4 - https:\/\/yoast.com\/product\/yoast-seo-wordpress\/ -->\n<title>O marce - katarek.pl<\/title>\n<meta name=\"description\" content=\"Poznaj mark\u0119 Katarek - polskiego lidera w produkcji aspirator\u00f3w do nosa dla dzieci. Zaufaj naszemu do\u015bwiadczeniu. Dowiedz si\u0119 o nas wi\u0119cej!\" \/>\n<meta name=\"robots\" content=\"index, follow, max-snippet:-1, max-image-preview:large, max-video-preview:-1\" \/>\n<link rel=\"canonical\" href=\"https:\/\/katarek.pl\/o-marce\/\" \/>\n<meta property=\"og:locale\" content=\"pl_PL\" \/>\n<meta property=\"og:type\" content=\"article\" \/>\n<meta property=\"og:title\" content=\"O marce - katarek.pl\" \/>\n<meta property=\"og:description\" content=\"Poznaj mark\u0119 Katarek - polskiego lidera w produkcji aspirator\u00f3w do nosa dla dzieci. Zaufaj naszemu do\u015bwiadczeniu. Dowiedz si\u0119 o nas wi\u0119cej!\" \/>\n<meta property=\"og:url\" content=\"https:\/\/katarek.pl\/o-marce\/\" \/>\n<meta property=\"og:site_name\" content=\"katarek.pl\" \/>\n<meta property=\"article:modified_time\" content=\"2025-09-26T13:00:43+00:00\" \/>\n<meta name=\"twitter:card\" content=\"summary_large_image\" \/>\n<meta name=\"twitter:label1\" content=\"Szacowany czas czytania\" \/>\n\t<meta name=\"twitter:data1\" content=\"1 minuta\" \/>\n<script type=\"application\/ld+json\" class=\"yoast-schema-graph\">{\"@context\":\"https:\\\/\\\/schema.org\",\"@graph\":[{\"@type\":\"WebPage\",\"@id\":\"https:\\\/\\\/katarek.pl\\\/o-marce\\\/\",\"url\":\"https:\\\/\\\/katarek.pl\\\/o-marce\\\/\",\"name\":\"O marce - katarek.pl\",\"isPartOf\":{\"@id\":\"https:\\\/\\\/katarek.pl\\\/#website\"},\"datePublished\":\"2025-05-12T13:12:04+00:00\",\"dateModified\":\"2025-09-26T13:00:43+00:00\",\"description\":\"Poznaj mark\u0119 Katarek - polskiego lidera w produkcji aspirator\u00f3w do nosa dla dzieci. Zaufaj naszemu do\u015bwiadczeniu. Dowiedz si\u0119 o nas wi\u0119cej!\",\"breadcrumb\":{\"@id\":\"https:\\\/\\\/katarek.pl\\\/o-marce\\\/#breadcrumb\"},\"inLanguage\":\"pl-PL\",\"potentialAction\":[{\"@type\":\"ReadAction\",\"target\":[\"https:\\\/\\\/katarek.pl\\\/o-marce\\\/\"]}]},{\"@type\":\"BreadcrumbList\",\"@id\":\"https:\\\/\\\/katarek.pl\\\/o-marce\\\/#breadcrumb\",\"itemListElement\":[{\"@type\":\"ListItem\",\"position\":1,\"name\":\"Home\",\"item\":\"https:\\\/\\\/katarek.pl\\\/\"},{\"@type\":\"ListItem\",\"position\":2,\"name\":\"O marce\"}]},{\"@type\":\"WebSite\",\"@id\":\"https:\\\/\\\/katarek.pl\\\/#website\",\"url\":\"https:\\\/\\\/katarek.pl\\\/\",\"name\":\"katarek.pl\",\"description\":\"\",\"potentialAction\":[{\"@type\":\"SearchAction\",\"target\":{\"@type\":\"EntryPoint\",\"urlTemplate\":\"https:\\\/\\\/katarek.pl\\\/?s={search_term_string}\"},\"query-input\":{\"@type\":\"PropertyValueSpecification\",\"valueRequired\":true,\"valueName\":\"search_term_string\"}}],\"inLanguage\":\"pl-PL\"}]}<\/script>\n<!-- \/ Yoast SEO plugin. -->","yoast_head_json":{"title":"O marce - katarek.pl","description":"Poznaj mark\u0119 Katarek - polskiego lidera w produkcji aspirator\u00f3w do nosa dla dzieci. Zaufaj naszemu do\u015bwiadczeniu. Dowiedz si\u0119 o nas wi\u0119cej!","robots":{"index":"index","follow":"follow","max-snippet":"max-snippet:-1","max-image-preview":"max-image-preview:large","max-video-preview":"max-video-preview:-1"},"canonical":"https:\/\/katarek.pl\/o-marce\/","og_locale":"pl_PL","og_type":"article","og_title":"O marce - katarek.pl","og_description":"Poznaj mark\u0119 Katarek - polskiego lidera w produkcji aspirator\u00f3w do nosa dla dzieci. Zaufaj naszemu do\u015bwiadczeniu. Dowiedz si\u0119 o nas wi\u0119cej!","og_url":"https:\/\/katarek.pl\/o-marce\/","og_site_name":"katarek.pl","article_modified_time":"2025-09-26T13:00:43+00:00","twitter_card":"summary_large_image","twitter_misc":{"Szacowany czas czytania":"1 minuta"},"schema":{"@context":"https:\/\/schema.org","@graph":[{"@type":"WebPage","@id":"https:\/\/katarek.pl\/o-marce\/","url":"https:\/\/katarek.pl\/o-marce\/","name":"O marce - katarek.pl","isPartOf":{"@id":"https:\/\/katarek.pl\/#website"},"datePublished":"2025-05-12T13:12:04+00:00","dateModified":"2025-09-26T13:00:43+00:00","description":"Poznaj mark\u0119 Katarek - polskiego lidera w produkcji aspirator\u00f3w do nosa dla dzieci. Zaufaj naszemu do\u015bwiadczeniu. Dowiedz si\u0119 o nas wi\u0119cej!","breadcrumb":{"@id":"https:\/\/katarek.pl\/o-marce\/#breadcrumb"},"inLanguage":"pl-PL","potentialAction":[{"@type":"ReadAction","target":["https:\/\/katarek.pl\/o-marce\/"]}]},{"@type":"BreadcrumbList","@id":"https:\/\/katarek.pl\/o-marce\/#breadcrumb","itemListElement":[{"@type":"ListItem","position":1,"name":"Home","item":"https:\/\/katarek.pl\/"},{"@type":"ListItem","position":2,"name":"O marce"}]},{"@type":"WebSite","@id":"https:\/\/katarek.pl\/#website","url":"https:\/\/katarek.pl\/","name":"katarek.pl","description":"","potentialAction":[{"@type":"SearchAction","target":{"@type":"EntryPoint","urlTemplate":"https:\/\/katarek.pl\/?s={search_term_string}"},"query-input":{"@type":"PropertyValueSpecification","valueRequired":true,"valueName":"search_term_string"}}],"inLanguage":"pl-PL"}]}},"acf":[],"gutenberg_blocks":[{"blockName":"custom-styles","attrs":{"styles":""}},{"blockName":"core\/heading","attrs":{"level":1,"className":"","epAnimationGeneratedClass":"edplus_anim-kXPSK0","epGeneratedClass":"eplus-wrapper"},"innerBlocks":[],"innerHTML":"\n<h1 class=\" wp-block-heading eplus-wrapper\"><strong>O marce Katarek<\/strong><\/h1>\n","innerContent":["\n<h1 class=\" wp-block-heading eplus-wrapper\"><strong>O marce Katarek<\/strong><\/h1>\n"]},{"blockName":"core\/heading","attrs":{"className":"","epAnimationGeneratedClass":"edplus_anim-MAUpmh","epGeneratedClass":"eplus-wrapper"},"innerBlocks":[],"innerHTML":"\n<h2 class=\" wp-block-heading eplus-wrapper\"><strong>Swobodny oddech. Spokojna g\u0142owa.<\/strong><\/h2>\n","innerContent":["\n<h2 class=\" wp-block-heading eplus-wrapper\"><strong>Swobodny oddech. Spokojna g\u0142owa.<\/strong><\/h2>\n"]},{"blockName":"core\/paragraph","attrs":{"className":"","epAnimationGeneratedClass":"edplus_anim-JMbxts","epGeneratedClass":"eplus-wrapper"},"innerBlocks":[],"innerHTML":"\n<p class=\" eplus-wrapper\">W Katarek wiemy, \u017ce rodzicielstwo zaczyna si\u0119 od pyta\u0144 \u2014 o to, co bezpieczne, naturalne, skuteczne. Dlatego od lat pomagamy mamom i ich maluchom \u0142atwiej przej\u015b\u0107 przez to, co nieuniknione: infekcje, katar, kaszel, zatkane noski i nieprzespane noce.<\/p>\n","innerContent":["\n<p class=\" eplus-wrapper\">W Katarek wiemy, \u017ce rodzicielstwo zaczyna si\u0119 od pyta\u0144 \u2014 o to, co bezpieczne, naturalne, skuteczne. Dlatego od lat pomagamy mamom i ich maluchom \u0142atwiej przej\u015b\u0107 przez to, co nieuniknione: infekcje, katar, kaszel, zatkane noski i nieprzespane noce.<\/p>\n"]},{"blockName":"core\/paragraph","attrs":{"className":"","epAnimationGeneratedClass":"edplus_anim-2Wk513","epGeneratedClass":"eplus-wrapper"},"innerBlocks":[],"innerHTML":"\n<p class=\" eplus-wrapper\">Specjalizujemy si\u0119 w jednym \u2014 <strong>zdrowiu dr\u00f3g oddechowych najm\u0142odszych dzieci<\/strong>. To nie przypadek, \u017ce aspirator Katarek do odkurzacza zna wi\u0119kszo\u015b\u0107 polskich mam. Ale to dopiero pocz\u0105tek. Tworzymy rozwi\u0105zania, kt\u00f3re <strong>przynosz\u0105 realn\u0105 ulg\u0119<\/strong> \u2014 od aspirator\u00f3w, przez nebulizatory, po roztwory soli, kt\u00f3re pomog\u0105 w codziennej piel\u0119gnacji.<\/p>\n","innerContent":["\n<p class=\" eplus-wrapper\">Specjalizujemy si\u0119 w jednym \u2014 <strong>zdrowiu dr\u00f3g oddechowych najm\u0142odszych dzieci<\/strong>. To nie przypadek, \u017ce aspirator Katarek do odkurzacza zna wi\u0119kszo\u015b\u0107 polskich mam. Ale to dopiero pocz\u0105tek. Tworzymy rozwi\u0105zania, kt\u00f3re <strong>przynosz\u0105 realn\u0105 ulg\u0119<\/strong> \u2014 od aspirator\u00f3w, przez nebulizatory, po roztwory soli, kt\u00f3re pomog\u0105 w codziennej piel\u0119gnacji.<\/p>\n"]},{"blockName":"core\/heading","attrs":{"className":"","epAnimationGeneratedClass":"edplus_anim-4XcIIE","epGeneratedClass":"eplus-wrapper"},"innerBlocks":[],"innerHTML":"\n<h2 class=\" wp-block-heading eplus-wrapper\"><strong>Dla kogo jeste\u015bmy?<\/strong><\/h2>\n","innerContent":["\n<h2 class=\" wp-block-heading eplus-wrapper\"><strong>Dla kogo jeste\u015bmy?<\/strong><\/h2>\n"]},{"blockName":"core\/paragraph","attrs":{"className":"","epAnimationGeneratedClass":"edplus_anim-ydgUAU","epGeneratedClass":"eplus-wrapper"},"innerBlocks":[],"innerHTML":"\n<p class=\" eplus-wrapper\">Dla kobiet w ci\u0105\u017cy, kt\u00f3re chc\u0105 przygotowa\u0107 wyprawk\u0119 \u015bwiadomie.<br>Dla mam, kt\u00f3re wybieraj\u0105 rozs\u0105dnie \u2013 Sprawdzone, dobre rozwi\u0105zania.<br>Dla tych, kt\u00f3re szukaj\u0105 <strong>spokoju<\/strong>\u2014 kiedy maluszek zaczyna poci\u0105ga\u0107 nosem.<\/p>\n","innerContent":["\n<p class=\" eplus-wrapper\">Dla kobiet w ci\u0105\u017cy, kt\u00f3re chc\u0105 przygotowa\u0107 wyprawk\u0119 \u015bwiadomie.<br>Dla mam, kt\u00f3re wybieraj\u0105 rozs\u0105dnie \u2013 Sprawdzone, dobre rozwi\u0105zania.<br>Dla tych, kt\u00f3re szukaj\u0105 <strong>spokoju<\/strong>\u2014 kiedy maluszek zaczyna poci\u0105ga\u0107 nosem.<\/p>\n"]},{"blockName":"acf\/product-investment-benefits","attrs":{"name":"acf\/product-investment-benefits","data":{"title_heading_label":"","_title_heading_label":"field_680f5de7d3992","title_heading_text":"Co mo\u017cesz zyska\u0107, korzystaj\u0105c z produkt\u00f3w Katarek?","_title_heading_text":"field_638627ccced84","title_heading_level":"h2","_title_heading_level":"field_638627e7ced85","title_heading_variant":"default","_title_heading_variant":"field_63862847ced86","title_extra_classes":"","_title_extra_classes":"field_638628eeced88","title":"","_title":"field_67f77018accab","repeater_0_icon":436,"_repeater_0_icon":"field_67f66f4v948a5","repeater_0_title_heading_label":"","_repeater_0_title_heading_label":"field_680f5de7d3992","repeater_0_title_heading_text":"Mniej stresu","_repeater_0_title_heading_text":"field_638627ccced84","repeater_0_title_heading_level":"h5","_repeater_0_title_heading_level":"field_638627e7ced85","repeater_0_title_heading_variant":"default","_repeater_0_title_heading_variant":"field_63862847ced86","repeater_0_title_extra_classes":"","_repeater_0_title_extra_classes":"field_638628eeced88","repeater_0_title":"","_repeater_0_title":"field_67fv35c24ab4f","repeater_0_content":"bo wiesz, co dzia\u0142a i jak u\u017cy\u0107.","_repeater_0_content":"field_679368dc535e7","repeater_1_icon":436,"_repeater_1_icon":"field_67f66f4v948a5","repeater_1_title_heading_label":"","_repeater_1_title_heading_label":"field_680f5de7d3992","repeater_1_title_heading_text":"Wi\u0119cej snu","_repeater_1_title_heading_text":"field_638627ccced84","repeater_1_title_heading_level":"h5","_repeater_1_title_heading_level":"field_638627e7ced85","repeater_1_title_heading_variant":"default","_repeater_1_title_heading_variant":"field_63862847ced86","repeater_1_title_extra_classes":"","_repeater_1_title_extra_classes":"field_638628eeced88","repeater_1_title":"","_repeater_1_title":"field_67fv35c24ab4f","repeater_1_content":"bo dziecko oddycha lepiej i spokojniej \u015bpi.","_repeater_1_content":"field_679368dc535e7","repeater_2_icon":436,"_repeater_2_icon":"field_67f66f4v948a5","repeater_2_title_heading_label":"","_repeater_2_title_heading_label":"field_680f5de7d3992","repeater_2_title_heading_text":"Wi\u0119cej pewno\u015bci","_repeater_2_title_heading_text":"field_638627ccced84","repeater_2_title_heading_level":"h5","_repeater_2_title_heading_level":"field_638627e7ced85","repeater_2_title_heading_variant":"default","_repeater_2_title_heading_variant":"field_63862847ced86","repeater_2_title_extra_classes":"","_repeater_2_title_extra_classes":"field_638628eeced88","repeater_2_title":"","_repeater_2_title":"field_67fv35c24ab4f","repeater_2_content":"bo wybierasz sprawdzone rozwi\u0105zania, kt\u00f3re od wielu lat polecaj\u0105 mamy.","_repeater_2_content":"field_679368dc535e7","repeater":3,"_repeater":"field_67936e815ba86","layout_type":"3","_layout_type":"field_67f77031accac"},"align":"center","mode":"edit"},"innerBlocks":[],"innerHTML":"","innerContent":[]},{"blockName":"acf\/separator","attrs":{"name":"acf\/separator","data":{"separator_values_min":"32","_separator_values_min":"field_659d1d0e47ee6","separator_values_max":"96","_separator_values_max":"field_659d1d4547ee7","separator_values":"","_separator_values":"field_659d261a7f4e0"},"mode":"edit"},"innerBlocks":[],"innerHTML":"","innerContent":[]},{"blockName":"core\/paragraph","attrs":{"className":"","epAnimationGeneratedClass":"edplus_anim-k85Njm","epGeneratedClass":"eplus-wrapper"},"innerBlocks":[],"innerHTML":"\n<p class=\" eplus-wrapper\"><\/p>\n","innerContent":["\n<p class=\" eplus-wrapper\"><\/p>\n"]}],"meta_data":{"container":"conventional"},"_links":{"self":[{"href":"https:\/\/katarek.pl\/index.php\/wp-json\/wp\/v2\/pages\/1081","targetHints":{"allow":["GET"]}}],"collection":[{"href":"https:\/\/katarek.pl\/index.php\/wp-json\/wp\/v2\/pages"}],"about":[{"href":"https:\/\/katarek.pl\/index.php\/wp-json\/wp\/v2\/types\/page"}],"author":[{"embeddable":true,"href":"https:\/\/katarek.pl\/index.php\/wp-json\/wp\/v2\/users\/1"}],"replies":[{"embeddable":true,"href":"https:\/\/katarek.pl\/index.php\/wp-json\/wp\/v2\/comments?post=1081"}],"version-history":[{"count":6,"href":"https:\/\/katarek.pl\/index.php\/wp-json\/wp\/v2\/pages\/1081\/revisions"}],"predecessor-version":[{"id":3520,"href":"https:\/\/katarek.pl\/index.php\/wp-json\/wp\/v2\/pages\/1081\/revisions\/3520"}],"wp:attachment":[{"href":"https:\/\/katarek.pl\/index.php\/wp-json\/wp\/v2\/media?parent=1081"}],"curies":[{"name":"wp","href":"https:\/\/api.w.org\/{rel}","templated":true}]}}